{"id":133720,"date":"2020-01-24T11:52:27","date_gmt":"2020-01-24T09:52:27","guid":{"rendered":"https:\/\/www.transportcatei.ro\/?page_id=133720"},"modified":"2022-01-29T13:35:57","modified_gmt":"2022-01-29T11:35:57","slug":"oferim-transport-international-pentru-caini-si-pisici-in-urmatoarele-tari-ungaria-budapesta-austria-toate-orasele-germania-toate-orasele-olanda-toate-orasele-belgia-toate-orasele-fran-2","status":"publish","type":"page","link":"https:\/\/www.transportcatei.ro\/en\/photo-gallery\/","title":{"rendered":"Photo gallery"},"content":{"rendered":"[vc_row][vc_column width=&#8221;1\/3&#8243;][vc_single_image source=&#8221;external_link&#8221; external_img_size=&#8221;full&#8221; alignment=&#8221;center&#8221; onclick=&#8221;link_image&#8221; custom_src=&#8221;https:\/\/www.transportcaini-pisici.ro\/wp-content\/uploads\/Masina-1.jpeg&#8221;][vc_single_image source=&#8221;external_link&#8221; external_img_size=&#8221;full&#8221; alignment=&#8221;center&#8221; onclick=&#8221;link_image&#8221; custom_src=&#8221;https:\/\/www.transportcaini-pisici.ro\/wp-content\/uploads\/Masina-4.jpeg&#8221;][vc_single_image source=&#8221;external_link&#8221; external_img_size=&#8221;full&#8221; alignment=&#8221;center&#8221; onclick=&#8221;link_image&#8221; custom_src=&#8221;https:\/\/www.transportcaini-pisici.ro\/wp-content\/uploads\/Masina-7.jpeg&#8221;][vc_single_image source=&#8221;external_link&#8221; external_img_size=&#8221;full&#8221; alignment=&#8221;center&#8221; onclick=&#8221;link_image&#8221; custom_src=&#8221;https:\/\/www.transportcaini-pisici.ro\/wp-content\/uploads\/Masina-10.jpeg&#8221;][vc_single_image source=&#8221;external_link&#8221; external_img_size=&#8221;full&#8221; alignment=&#8221;center&#8221; onclick=&#8221;link_image&#8221; custom_src=&#8221;https:\/\/www.transportcaini-pisici.ro\/wp-content\/uploads\/Masina-13.jpeg&#8221;][vc_single_image source=&#8221;external_link&#8221; external_img_size=&#8221;full&#8221; alignment=&#8221;center&#8221; onclick=&#8221;link_image&#8221; custom_src=&#8221;https:\/\/www.transportcaini-pisici.ro\/wp-content\/uploads\/Masina-16.jpeg&#8221;][\/vc_column][vc_column width=&#8221;1\/3&#8243;][vc_single_image source=&#8221;external_link&#8221; external_img_size=&#8221;full&#8221; alignment=&#8221;center&#8221; onclick=&#8221;link_image&#8221; custom_src=&#8221;https:\/\/www.transportcaini-pisici.ro\/wp-content\/uploads\/Masina-2.jpeg&#8221;][vc_single_image source=&#8221;external_link&#8221; external_img_size=&#8221;full&#8221; alignment=&#8221;center&#8221; onclick=&#8221;link_image&#8221; custom_src=&#8221;https:\/\/www.transportcaini-pisici.ro\/wp-content\/uploads\/Masina-5.jpeg&#8221;][vc_single_image source=&#8221;external_link&#8221; external_img_size=&#8221;full&#8221; alignment=&#8221;center&#8221; onclick=&#8221;link_image&#8221; custom_src=&#8221;https:\/\/www.transportcaini-pisici.ro\/wp-content\/uploads\/Masina-8.jpeg&#8221;][vc_single_image source=&#8221;external_link&#8221; external_img_size=&#8221;full&#8221; alignment=&#8221;center&#8221; onclick=&#8221;link_image&#8221; custom_src=&#8221;https:\/\/www.transportcaini-pisici.ro\/wp-content\/uploads\/Masina-11.jpeg&#8221;][vc_single_image source=&#8221;external_link&#8221; external_img_size=&#8221;full&#8221; alignment=&#8221;center&#8221; onclick=&#8221;link_image&#8221; custom_src=&#8221;https:\/\/www.transportcaini-pisici.ro\/wp-content\/uploads\/Masina-14.jpeg&#8221;][vc_single_image source=&#8221;external_link&#8221; external_img_size=&#8221;full&#8221; alignment=&#8221;center&#8221; onclick=&#8221;link_image&#8221; custom_src=&#8221;https:\/\/www.transportcaini-pisici.ro\/wp-content\/uploads\/Masina-17.jpeg&#8221;][\/vc_column][vc_column width=&#8221;1\/3&#8243;][vc_single_image source=&#8221;external_link&#8221; external_img_size=&#8221;full&#8221; alignment=&#8221;center&#8221; onclick=&#8221;link_image&#8221; custom_src=&#8221;https:\/\/www.transportcaini-pisici.ro\/wp-content\/uploads\/Masina-3.jpeg&#8221;][vc_single_image source=&#8221;external_link&#8221; external_img_size=&#8221;full&#8221; alignment=&#8221;center&#8221; onclick=&#8221;link_image&#8221; custom_src=&#8221;https:\/\/www.transportcaini-pisici.ro\/wp-content\/uploads\/Masina-6.jpeg&#8221;][vc_single_image source=&#8221;external_link&#8221; external_img_size=&#8221;full&#8221; alignment=&#8221;center&#8221; onclick=&#8221;link_image&#8221; custom_src=&#8221;https:\/\/www.transportcaini-pisici.ro\/wp-content\/uploads\/Masina-9.jpeg&#8221;][vc_single_image source=&#8221;external_link&#8221; external_img_size=&#8221;full&#8221; alignment=&#8221;center&#8221; onclick=&#8221;link_image&#8221; custom_src=&#8221;https:\/\/www.transportcaini-pisici.ro\/wp-content\/uploads\/Masina-12.jpeg&#8221;][vc_single_image source=&#8221;external_link&#8221; external_img_size=&#8221;full&#8221; alignment=&#8221;center&#8221; onclick=&#8221;link_image&#8221; custom_src=&#8221;https:\/\/www.transportcaini-pisici.ro\/wp-content\/uploads\/Masina-15.jpeg&#8221;][vc_single_image source=&#8221;external_link&#8221; external_img_size=&#8221;full&#8221; alignment=&#8221;center&#8221; onclick=&#8221;link_image&#8221; custom_src=&#8221;https:\/\/www.transportcaini-pisici.ro\/wp-content\/uploads\/Masini All4Dogs.png&#8221;][\/vc_column][\/vc_row]\n","protected":false},"excerpt":{"rendered":"[vc_row][vc_column width=&#8221;1\/3&#8243;][vc_single_image source=&#8221;external_link&#8221; external_img_size=&#8221;full&#8221; alignment=&#8221;center&#8221; onclick=&#8221;link_image&#8221; custom_src=&#8221;https:\/\/www.transportcaini-pisici.ro\/wp-content\/uploads\/Masina-1.jpeg&#8221;][vc_single_image source=&#8221;external_link&#8221; external_img_size=&#8221;full&#8221; alignment=&#8221;center&#8221; onclick=&#8221;link_image&#8221; custom_src=&#8221;https:\/\/www.transportcaini-pisici.ro\/wp-content\/uploads\/Masina-4.jpeg&#8221;][vc_single_image source=&#8221;external_link&#8221; external_img_size=&#8221;full&#8221; alignment=&#8221;center&#8221; onclick=&#8221;link_image&#8221; custom_src=&#8221;https:\/\/www.transportcaini-pisici.ro\/wp-content\/uploads\/Masina-7.jpeg&#8221;][vc_single_image source=&#8221;external_link&#8221; external_img_size=&#8221;full&#8221; alignment=&#8221;center&#8221; onclick=&#8221;link_image&#8221; custom_src=&#8221;https:\/\/www.transportcaini-pisici.ro\/wp-content\/uploads\/Masina-10.jpeg&#8221;][vc_single_image source=&#8221;external_link&#8221; external_img_size=&#8221;full&#8221; alignment=&#8221;center&#8221; onclick=&#8221;link_image&#8221; custom_src=&#8221;https:\/\/www.transportcaini-pisici.ro\/wp-content\/uploads\/Masina-13.jpeg&#8221;][vc_single_image source=&#8221;external_link&#8221; external_img_size=&#8221;full&#8221; alignment=&#8221;center&#8221; onclick=&#8221;link_image&#8221; custom_src=&#8221;https:\/\/www.transportcaini-pisici.ro\/wp-content\/uploads\/Masina-16.jpeg&#8221;][\/vc_column][vc_column width=&#8221;1\/3&#8243;][vc_single_image source=&#8221;external_link&#8221; external_img_size=&#8221;full&#8221; alignment=&#8221;center&#8221; onclick=&#8221;link_image&#8221; custom_src=&#8221;https:\/\/www.transportcaini-pisici.ro\/wp-content\/uploads\/Masina-2.jpeg&#8221;][vc_single_image source=&#8221;external_link&#8221; external_img_size=&#8221;full&#8221; alignment=&#8221;center&#8221; onclick=&#8221;link_image&#8221; custom_src=&#8221;https:\/\/www.transportcaini-pisici.ro\/wp-content\/uploads\/Masina-5.jpeg&#8221;][vc_single_image source=&#8221;external_link&#8221; external_img_size=&#8221;full&#8221; alignment=&#8221;center&#8221; onclick=&#8221;link_image&#8221; custom_src=&#8221;https:\/\/www.transportcaini-pisici.ro\/wp-content\/uploads\/Masina-8.jpeg&#8221;][vc_single_image source=&#8221;external_link&#8221; external_img_size=&#8221;full&#8221; alignment=&#8221;center&#8221; onclick=&#8221;link_image&#8221; custom_src=&#8221;https:\/\/www.transportcaini-pisici.ro\/wp-content\/uploads\/Masina-11.jpeg&#8221;][vc_single_image source=&#8221;external_link&#8221; external_img_size=&#8221;full&#8221; [&#8230;]\n","protected":false},"author":1,"featured_media":0,"parent":0,"menu_order":0,"comment_status":"closed","ping_status":"closed","template":"page-blank-title-center.php","meta":[],"yoast_head":"<!-- This site is optimized with the Yoast SEO plugin v18.1 - https:\/\/yoast.com\/wordpress\/plugins\/seo\/ -->\n<title>Photo gallery - International transportation of pets ( dogs and cats )<\/title>\n<meta name=\"description\" content=\"We offer international transport for dogs and cats in the following countries: Hungary - Budapest, Austria (All cities), Germany (All cities), Netherlands (All cities), Belgium (All cities), France (All cities), England (All cities), Wales (All cities), Scotland (All cities), Ireland (Can be brought to the UK by ferry to Ireland) {: ro} Oferim transport interna\u021bional pentru c\u00e2ini \u0219i pisici \u00een urm\u0103toarele \u021b\u0103ri : Ungaria - Budapesta, Austria (Toate ora\u0219ele), Germania (Toate ora\u0219ele), Olanda (Toate ora\u0219ele), Belgia (Toate ora\u0219ele), Fran\u021ba (Toate ora\u0219ele), Anglia (Toate ora\u0219ele), \u021aar\u0103 Galilor (Toate ora\u0219ele), Sco\u021bia (Toate ora\u0219ele), Irlanda (Se poate aduce p\u00e2n\u0103 \u00een UK la feribotul care aduce \u00een Irlanda)\" \/>\n<meta name=\"robots\" content=\"index, follow, max-snippet:-1, max-image-preview:large, max-video-preview:-1\" \/>\n<link rel=\"canonical\" href=\"https:\/\/www.transportcatei.ro\/galerie-foto\/\" \/>\n<meta property=\"og:locale\" content=\"en_US\" \/>\n<meta property=\"og:type\" content=\"article\" \/>\n<meta property=\"og:title\" content=\"Photo gallery - International transportation of pets ( dogs and cats )\" \/>\n<meta property=\"og:description\" content=\"{:ro}{: ro} Oferim transport interna\u021bional pentru c\u00e2ini \u0219i pisici \u00een urm\u0103toarele \u021b\u0103ri : Ungaria - Budapesta, Austria (Toate ora\u0219ele), Germania (Toate ora\u0219ele), Olanda (Toate ora\u0219ele), Belgia (Toate ora\u0219ele), Fran\u021ba (Toate ora\u0219ele), Anglia (Toate ora\u0219ele), \u021aar\u0103 Galilor (Toate ora\u0219ele), Sco\u021bia (Toate ora\u0219ele), Irlanda (Se poate aduce p\u00e2n\u0103 \u00een UK la feribotul care aduce \u00een Irlanda){:en}We offer international transport for dogs and cats in the following countries: Hungary - Budapest, Austria (All cities), Germany (All cities), Netherlands (All cities), Belgium (All cities), France (All cities), England (All cities), Wales (All cities), Scotland (All cities), Ireland (Can be brought to the UK by ferry to Ireland) {: ro} Oferim transport interna\u021bional pentru c\u00e2ini \u0219i pisici \u00een urm\u0103toarele \u021b\u0103ri : Ungaria - Budapesta, Austria (Toate ora\u0219ele), Germania (Toate ora\u0219ele), Olanda (Toate ora\u0219ele), Belgia (Toate ora\u0219ele), Fran\u021ba (Toate ora\u0219ele), Anglia (Toate ora\u0219ele), \u021aar\u0103 Galilor (Toate ora\u0219ele), Sco\u021bia (Toate ora\u0219ele), Irlanda (Se poate aduce p\u00e2n\u0103 \u00een UK la feribotul care aduce \u00een Irlanda){:}\" \/>\n<meta property=\"og:url\" content=\"https:\/\/www.transportcatei.ro\/galerie-foto\/\" \/>\n<meta property=\"og:site_name\" content=\"International transportation of pets ( dogs and cats )\" \/>\n<meta property=\"article:modified_time\" content=\"2022-01-29T11:35:57+00:00\" \/>\n<meta name=\"twitter:card\" content=\"summary_large_image\" \/>\n<meta name=\"twitter:label1\" content=\"Est. reading time\" \/>\n\t<meta name=\"twitter:data1\" content=\"1 minute\" \/>\n<script type=\"application\/ld+json\" class=\"yoast-schema-graph\">{\"@context\":\"https:\/\/schema.org\",\"@graph\":[{\"@type\":\"WebSite\",\"@id\":\"https:\/\/www.transportcatei.ro\/#website\",\"url\":\"https:\/\/www.transportcatei.ro\/\",\"name\":\"International transportation of pets ( dogs and cats )\",\"description\":\"\",\"potentialAction\":[{\"@type\":\"SearchAction\",\"target\":{\"@type\":\"EntryPoint\",\"urlTemplate\":\"https:\/\/www.transportcatei.ro\/?s={search_term_string}\"},\"query-input\":\"required name=search_term_string\"}],\"inLanguage\":\"en-US\"},{\"@type\":\"WebPage\",\"@id\":\"https:\/\/www.transportcatei.ro\/galerie-foto\/#webpage\",\"url\":\"https:\/\/www.transportcatei.ro\/galerie-foto\/\",\"name\":\"Photo gallery - International transportation of pets ( dogs and cats )\",\"isPartOf\":{\"@id\":\"https:\/\/www.transportcatei.ro\/#website\"},\"datePublished\":\"2020-01-24T09:52:27+00:00\",\"dateModified\":\"2022-01-29T11:35:57+00:00\",\"description\":\"{:ro}{: ro} Oferim transport interna\u021bional pentru c\u00e2ini \u0219i pisici \u00een urm\u0103toarele \u021b\u0103ri : Ungaria - Budapesta, Austria (Toate ora\u0219ele), Germania (Toate ora\u0219ele), Olanda (Toate ora\u0219ele), Belgia (Toate ora\u0219ele), Fran\u021ba (Toate ora\u0219ele), Anglia (Toate ora\u0219ele), \u021aar\u0103 Galilor (Toate ora\u0219ele), Sco\u021bia (Toate ora\u0219ele), Irlanda (Se poate aduce p\u00e2n\u0103 \u00een UK la feribotul care aduce \u00een Irlanda){:en}We offer international transport for dogs and cats in the following countries: Hungary - Budapest, Austria (All cities), Germany (All cities), Netherlands (All cities), Belgium (All cities), France (All cities), England (All cities), Wales (All cities), Scotland (All cities), Ireland (Can be brought to the UK by ferry to Ireland) {: ro} Oferim transport interna\u021bional pentru c\u00e2ini \u0219i pisici \u00een urm\u0103toarele \u021b\u0103ri : Ungaria - Budapesta, Austria (Toate ora\u0219ele), Germania (Toate ora\u0219ele), Olanda (Toate ora\u0219ele), Belgia (Toate ora\u0219ele), Fran\u021ba (Toate ora\u0219ele), Anglia (Toate ora\u0219ele), \u021aar\u0103 Galilor (Toate ora\u0219ele), Sco\u021bia (Toate ora\u0219ele), Irlanda (Se poate aduce p\u00e2n\u0103 \u00een UK la feribotul care aduce \u00een Irlanda){:}\",\"breadcrumb\":{\"@id\":\"https:\/\/www.transportcatei.ro\/galerie-foto\/#breadcrumb\"},\"inLanguage\":\"en-US\",\"potentialAction\":[{\"@type\":\"ReadAction\",\"target\":[\"https:\/\/www.transportcatei.ro\/galerie-foto\/\"]}]},{\"@type\":\"BreadcrumbList\",\"@id\":\"https:\/\/www.transportcatei.ro\/galerie-foto\/#breadcrumb\",\"itemListElement\":[{\"@type\":\"ListItem\",\"position\":1,\"name\":\"Galerie foto\"}]}]}<\/script>\n<!-- \/ Yoast SEO plugin. -->","yoast_head_json":{"title":"Photo gallery - International transportation of pets ( dogs and cats )","description":"We offer international transport for dogs and cats in the following countries: Hungary - Budapest, Austria (All cities), Germany (All cities), Netherlands (All cities), Belgium (All cities), France (All cities), England (All cities), Wales (All cities), Scotland (All cities), Ireland (Can be brought to the UK by ferry to Ireland) {: ro} Oferim transport interna\u021bional pentru c\u00e2ini \u0219i pisici \u00een urm\u0103toarele \u021b\u0103ri : Ungaria - Budapesta, Austria (Toate ora\u0219ele), Germania (Toate ora\u0219ele), Olanda (Toate ora\u0219ele), Belgia (Toate ora\u0219ele), Fran\u021ba (Toate ora\u0219ele), Anglia (Toate ora\u0219ele), \u021aar\u0103 Galilor (Toate ora\u0219ele), Sco\u021bia (Toate ora\u0219ele), Irlanda (Se poate aduce p\u00e2n\u0103 \u00een UK la feribotul care aduce \u00een Irlanda)","robots":{"index":"index","follow":"follow","max-snippet":"max-snippet:-1","max-image-preview":"max-image-preview:large","max-video-preview":"max-video-preview:-1"},"canonical":"https:\/\/www.transportcatei.ro\/galerie-foto\/","og_locale":"en_US","og_type":"article","og_title":"Photo gallery - International transportation of pets ( dogs and cats )","og_description":"{:ro}{: ro} Oferim transport interna\u021bional pentru c\u00e2ini \u0219i pisici \u00een urm\u0103toarele \u021b\u0103ri : Ungaria - Budapesta, Austria (Toate ora\u0219ele), Germania (Toate ora\u0219ele), Olanda (Toate ora\u0219ele), Belgia (Toate ora\u0219ele), Fran\u021ba (Toate ora\u0219ele), Anglia (Toate ora\u0219ele), \u021aar\u0103 Galilor (Toate ora\u0219ele), Sco\u021bia (Toate ora\u0219ele), Irlanda (Se poate aduce p\u00e2n\u0103 \u00een UK la feribotul care aduce \u00een Irlanda){:en}We offer international transport for dogs and cats in the following countries: Hungary - Budapest, Austria (All cities), Germany (All cities), Netherlands (All cities), Belgium (All cities), France (All cities), England (All cities), Wales (All cities), Scotland (All cities), Ireland (Can be brought to the UK by ferry to Ireland) {: ro} Oferim transport interna\u021bional pentru c\u00e2ini \u0219i pisici \u00een urm\u0103toarele \u021b\u0103ri : Ungaria - Budapesta, Austria (Toate ora\u0219ele), Germania (Toate ora\u0219ele), Olanda (Toate ora\u0219ele), Belgia (Toate ora\u0219ele), Fran\u021ba (Toate ora\u0219ele), Anglia (Toate ora\u0219ele), \u021aar\u0103 Galilor (Toate ora\u0219ele), Sco\u021bia (Toate ora\u0219ele), Irlanda (Se poate aduce p\u00e2n\u0103 \u00een UK la feribotul care aduce \u00een Irlanda){:}","og_url":"https:\/\/www.transportcatei.ro\/galerie-foto\/","og_site_name":"International transportation of pets ( dogs and cats )","article_modified_time":"2022-01-29T11:35:57+00:00","twitter_card":"summary_large_image","twitter_misc":{"Est. reading time":"1 minute"},"schema":{"@context":"https:\/\/schema.org","@graph":[{"@type":"WebSite","@id":"https:\/\/www.transportcatei.ro\/#website","url":"https:\/\/www.transportcatei.ro\/","name":"International transportation of pets ( dogs and cats )","description":"","potentialAction":[{"@type":"SearchAction","target":{"@type":"EntryPoint","urlTemplate":"https:\/\/www.transportcatei.ro\/?s={search_term_string}"},"query-input":"required name=search_term_string"}],"inLanguage":"en-US"},{"@type":"WebPage","@id":"https:\/\/www.transportcatei.ro\/galerie-foto\/#webpage","url":"https:\/\/www.transportcatei.ro\/galerie-foto\/","name":"Photo gallery - International transportation of pets ( dogs and cats )","isPartOf":{"@id":"https:\/\/www.transportcatei.ro\/#website"},"datePublished":"2020-01-24T09:52:27+00:00","dateModified":"2022-01-29T11:35:57+00:00","description":"{:ro}{: ro} Oferim transport interna\u021bional pentru c\u00e2ini \u0219i pisici \u00een urm\u0103toarele \u021b\u0103ri : Ungaria - Budapesta, Austria (Toate ora\u0219ele), Germania (Toate ora\u0219ele), Olanda (Toate ora\u0219ele), Belgia (Toate ora\u0219ele), Fran\u021ba (Toate ora\u0219ele), Anglia (Toate ora\u0219ele), \u021aar\u0103 Galilor (Toate ora\u0219ele), Sco\u021bia (Toate ora\u0219ele), Irlanda (Se poate aduce p\u00e2n\u0103 \u00een UK la feribotul care aduce \u00een Irlanda){:en}We offer international transport for dogs and cats in the following countries: Hungary - Budapest, Austria (All cities), Germany (All cities), Netherlands (All cities), Belgium (All cities), France (All cities), England (All cities), Wales (All cities), Scotland (All cities), Ireland (Can be brought to the UK by ferry to Ireland) {: ro} Oferim transport interna\u021bional pentru c\u00e2ini \u0219i pisici \u00een urm\u0103toarele \u021b\u0103ri : Ungaria - Budapesta, Austria (Toate ora\u0219ele), Germania (Toate ora\u0219ele), Olanda (Toate ora\u0219ele), Belgia (Toate ora\u0219ele), Fran\u021ba (Toate ora\u0219ele), Anglia (Toate ora\u0219ele), \u021aar\u0103 Galilor (Toate ora\u0219ele), Sco\u021bia (Toate ora\u0219ele), Irlanda (Se poate aduce p\u00e2n\u0103 \u00een UK la feribotul care aduce \u00een Irlanda){:}","breadcrumb":{"@id":"https:\/\/www.transportcatei.ro\/galerie-foto\/#breadcrumb"},"inLanguage":"en-US","potentialAction":[{"@type":"ReadAction","target":["https:\/\/www.transportcatei.ro\/galerie-foto\/"]}]},{"@type":"BreadcrumbList","@id":"https:\/\/www.transportcatei.ro\/galerie-foto\/#breadcrumb","itemListElement":[{"@type":"ListItem","position":1,"name":"Galerie foto"}]}]}},"_links":{"self":[{"href":"https:\/\/www.transportcatei.ro\/en\/wp-json\/wp\/v2\/pages\/133720"}],"collection":[{"href":"https:\/\/www.transportcatei.ro\/en\/wp-json\/wp\/v2\/pages"}],"about":[{"href":"https:\/\/www.transportcatei.ro\/en\/wp-json\/wp\/v2\/types\/page"}],"author":[{"embeddable":true,"href":"https:\/\/www.transportcatei.ro\/en\/wp-json\/wp\/v2\/users\/1"}],"replies":[{"embeddable":true,"href":"https:\/\/www.transportcatei.ro\/en\/wp-json\/wp\/v2\/comments?post=133720"}],"version-history":[{"count":1,"href":"https:\/\/www.transportcatei.ro\/en\/wp-json\/wp\/v2\/pages\/133720\/revisions"}],"predecessor-version":[{"id":134399,"href":"https:\/\/www.transportcatei.ro\/en\/wp-json\/wp\/v2\/pages\/133720\/revisions\/134399"}],"wp:attachment":[{"href":"https:\/\/www.transportcatei.ro\/en\/wp-json\/wp\/v2\/media?parent=133720"}],"curies":[{"name":"wp","href":"https:\/\/api.w.org\/{rel}","templated":true}]}}